{"id":3,"date":"2026-04-08T05:54:13","date_gmt":"2026-04-08T05:54:13","guid":{"rendered":"https:\/\/zhenglinggolf.com\/?page_id=3"},"modified":"2026-04-16T13:49:27","modified_gmt":"2026-04-16T13:49:27","slug":"privacy-policy","status":"publish","type":"page","link":"https:\/\/zhenglinggolf.com\/es\/privacy-policy\/","title":{"rendered":"Pol\u00edtica de privacidad"},"content":{"rendered":"<div data-elementor-type=\"wp-page\" data-elementor-id=\"3\" class=\"elementor elementor-3\" data-elementor-post-type=\"page\">\n\t\t\t\t\t\t<section class=\"elementor-section elementor-top-section elementor-element elementor-element-4d8b43e elementor-reverse-mobile elementor-section-boxed elementor-section-height-default elementor-section-height-default\" data-id=\"4d8b43e\" data-element_type=\"section\" data-e-type=\"section\" data-settings=\"{&quot;background_background&quot;:&quot;classic&quot;}\">\n\t\t\t\t\t\t\t<div class=\"elementor-background-overlay\"><\/div>\n\t\t\t\t\t\t\t<div class=\"elementor-container elementor-column-gap-default\">\n\t\t\t\t\t<div class=\"elementor-column elementor-col-50 elementor-top-column elementor-element elementor-element-8ec5fbc elementor-invisible\" data-id=\"8ec5fbc\" data-element_type=\"column\" data-e-type=\"column\" data-settings=\"{&quot;background_background&quot;:&quot;classic&quot;,&quot;animation&quot;:&quot;slideInUp&quot;}\">\n\t\t\t<div class=\"elementor-widget-wrap elementor-element-populated\">\n\t\t\t\t\t\t<div class=\"elementor-element elementor-element-f85f36c elementor-icon-list--layout-inline elementor-widget__width-auto elementor-mobile-align-start elementor-list-item-link-full_width elementor-widget elementor-widget-icon-list\" data-id=\"f85f36c\" data-element_type=\"widget\" data-e-type=\"widget\" data-widget_type=\"icon-list.default\">\n\t\t\t\t\t\t\t<ul class=\"elementor-icon-list-items elementor-inline-items\">\n\t\t\t\t\t\t\t<li class=\"elementor-icon-list-item elementor-inline-item\">\n\t\t\t\t\t\t\t\t\t\t\t<a href=\"#\">\n\n\t\t\t\t\t\t\t\t\t\t\t<span class=\"elementor-icon-list-text\">Hogar<\/span>\n\t\t\t\t\t\t\t\t\t\t\t<\/a>\n\t\t\t\t\t\t\t\t\t<\/li>\n\t\t\t\t\t\t\t\t<li class=\"elementor-icon-list-item elementor-inline-item\">\n\t\t\t\t\t\t\t\t\t\t\t<a href=\"#\">\n\n\t\t\t\t\t\t\t\t\t\t\t\t<span class=\"elementor-icon-list-icon\">\n\t\t\t\t\t\t\t<svg aria-hidden=\"true\" class=\"e-font-icon-svg e-fas-angle-right\" viewbox=\"0 0 256 512\" xmlns=\"http:\/\/www.w3.org\/2000\/svg\"><path d=\"M224.3 273l-136 136c-9.4 9.4-24.6 9.4-33.9 0l-22.6-22.6c-9.4-9.4-9.4-24.6 0-33.9l96.4-96.4-96.4-96.4c-9.4-9.4-9.4-24.6 0-33.9L54.3 103c9.4-9.4 24.6-9.4 33.9 0l136 136c9.5 9.4 9.5 24.6.1 34z\"><\/path><\/svg>\t\t\t\t\t\t<\/span>\n\t\t\t\t\t\t\t\t\t\t<span class=\"elementor-icon-list-text\">Pol\u00edtica de privacidad<\/span>\n\t\t\t\t\t\t\t\t\t\t\t<\/a>\n\t\t\t\t\t\t\t\t\t<\/li>\n\t\t\t\t\t\t<\/ul>\n\t\t\t\t\t\t<\/div>\n\t\t\t\t\t<\/div>\n\t\t<\/div>\n\t\t\t\t<div class=\"elementor-column elementor-col-50 elementor-top-column elementor-element elementor-element-c337ddc\" data-id=\"c337ddc\" data-element_type=\"column\" data-e-type=\"column\">\n\t\t\t<div class=\"elementor-widget-wrap elementor-element-populated\">\n\t\t\t\t\t\t<section class=\"elementor-section elementor-inner-section elementor-element elementor-element-d7e71c1 elementor-section-boxed elementor-section-height-default elementor-section-height-default\" data-id=\"d7e71c1\" data-element_type=\"section\" data-e-type=\"section\">\n\t\t\t\t\t\t<div class=\"elementor-container elementor-column-gap-default\">\n\t\t\t\t\t<div class=\"elementor-column elementor-col-100 elementor-inner-column elementor-element elementor-element-b03a494\" data-id=\"b03a494\" data-element_type=\"column\" data-e-type=\"column\">\n\t\t\t<div class=\"elementor-widget-wrap elementor-element-populated\">\n\t\t\t\t\t\t<div class=\"elementor-element elementor-element-d249a80 elementor-widget-tablet__width-initial elementor-invisible elementor-widget elementor-widget-heading\" data-id=\"d249a80\" data-element_type=\"widget\" data-e-type=\"widget\" data-settings=\"{&quot;_animation&quot;:&quot;fadeInRight&quot;}\" data-widget_type=\"heading.default\">\n\t\t\t\t\t<h2 class=\"elementor-heading-title elementor-size-default\">Pol\u00edtica de privacidad<\/h2>\t\t\t\t<\/div>\n\t\t\t\t\t<\/div>\n\t\t<\/div>\n\t\t\t\t\t<\/div>\n\t\t<\/section>\n\t\t\t\t\t<\/div>\n\t\t<\/div>\n\t\t\t\t\t<\/div>\n\t\t<\/section>\n\t\t<div class=\"elementor-element elementor-element-425086a e-flex e-con-boxed e-con e-parent\" data-id=\"425086a\" data-element_type=\"container\" data-e-type=\"container\">\n\t\t\t\t\t<div class=\"e-con-inner\">\n\t\t\t\t<div class=\"elementor-element elementor-element-1e73be5 elementor-widget elementor-widget-text-editor\" data-id=\"1e73be5\" data-element_type=\"widget\" data-e-type=\"widget\" data-widget_type=\"text-editor.default\">\n\t\t\t\t\t\t\t\t\t\n<p><strong><b>Dezhou Zhengling International Trade Co., Ltd.<\/b><\/strong>, se compromete a proteger su privacidad y ganarse su confianza. Zhengling no vende, comercializa ni alquila su informaci\u00f3n personal a otros. Esta pol\u00edtica revela las pr\u00e1cticas de privacidad del sitio web Zhengling. Utilizamos la informaci\u00f3n que recopilamos sobre usted del sitio web Zhengling para procesar pedidos y mantener una relaci\u00f3n con usted durante el uso de nuestros productos y servicios. Esta pol\u00edtica explica c\u00f3mo se protege su informaci\u00f3n personal. Nuestra intenci\u00f3n es brindarle el mayor control posible sobre su privacidad e informaci\u00f3n personal y el uso que hacemos de ella en nuestro negocio.<\/p>\n<p>\u00a0<\/p>\n<p><strong><b>C\u00d3MO HACE <\/b><\/strong><strong><b>ZHENGLING<\/b><\/strong><strong><b>\u00a0\u00bfUTILIZAR MI INFORMACI\u00d3N?<\/b><\/strong><\/p>\n<p>Recopilamos informaci\u00f3n personal para ayudarnos a brindar una experiencia de usuario de alta calidad y ayudar a Zhengling a comprender mejor a nuestros clientes. Zhengling no vende, comercializa ni alquila su informaci\u00f3n personal a otros. La informaci\u00f3n personal que usted elija brindarnos permite que Zhengling procese y cumpla con su solicitud de una prueba gratuita del Centro de capacitaci\u00f3n Zhengling. Tambi\u00e9n utilizamos esa informaci\u00f3n si elige solicitar nuestros productos y servicios para procesar y completar su pedido y notificarle el estado de su pedido.<\/p>\n<ol>\n<li>Utilizamos la informaci\u00f3n personal que usted nos proporciona para brindarle informaci\u00f3n actualizada sobre los productos y servicios Zhengling.<\/li>\n<li>Podemos utilizar la informaci\u00f3n que recopilamos para notificarle de vez en cuando sobre cambios importantes en la funcionalidad del sitio web, nuevos servicios y productos Zhengling y ofertas especiales que creemos que le resultar\u00e1n valiosas.<\/li>\n<li>Cuando nos proporciona informaci\u00f3n personal para participar en un concurso o promoci\u00f3n patrocinada por Zhengling o sus socios, utilizamos esta informaci\u00f3n para administrar el concurso y notificar a los ganadores. Almacenamos toda la informaci\u00f3n relacionada con dichos concursos y promociones.<\/li>\n<li>Entregaremos anuncios o promociones dirigidas a nuestros clientes utilizando la informaci\u00f3n personal que usted nos proporciona. No permitimos que los anunciantes tengan acceso a informaci\u00f3n de cuentas individuales. Estos anuncios suelen ser anuncios publicitarios y correos electr\u00f3nicos promocionales.<\/li>\n<li>Tambi\u00e9n investigamos la demograf\u00eda, los intereses y el comportamiento de nuestros usuarios en funci\u00f3n de la informaci\u00f3n que nos brinda en nuestra herramienta de encuestas en l\u00ednea. Recopilamos y analizamos esta informaci\u00f3n de forma agregada o an\u00f3nima.<\/li>\n<li>Utilizamos las direcciones IP que recopilamos para informar informaci\u00f3n agregada o an\u00f3nima a nuestros anunciantes.<\/li>\n<\/ol>\n<p>\u00a0<\/p>\n<p><strong><b>\u00bfQUI\u00c9N RECOPILA INFORMACI\u00d3N?<\/b><\/strong><\/p>\n<p>Cuando proporciona informaci\u00f3n personal en un sitio Zhengling, comparte esa informaci\u00f3n solo con Zhengling a menos que se le indique espec\u00edficamente lo contrario. Si una empresa que no sea un equipo de fitness Nuo recopila o mantiene sus datos personales desde nuestro sitio web, se le informar\u00e1 antes de que se recopilen o transfieran. Siempre puede optar por no compartir la informaci\u00f3n. Cuando empresas distintas a las promociones de patrocinadores de Zhengling, los datos recopilados en el sitio de Zhengling en relaci\u00f3n con estas promociones pueden compartirse con el patrocinador. Una vez m\u00e1s, si este es el caso, se le notificar\u00e1 antes de que se recopilen o transfieran los datos y podr\u00e1 decidir no participar. La mayor\u00eda de estas promociones se limitan a residentes de Estados Unidos o Am\u00e9rica del Norte. Si abandona nuestro sitio web mediante enlaces para ir a sitios web de otros terceros, esos terceros pueden recopilar informaci\u00f3n sobre usted. Esta pol\u00edtica de privacidad no cubre las pr\u00e1cticas de esos negocios.<\/p>\n<p>\u00a0<\/p>\n<p><strong><b>HACE <\/b><\/strong><strong><b>ZHENGLING<\/b><\/strong><strong><b>\u00a0\u00bfCOMPARTIR MI INFORMACI\u00d3N?<\/b><\/strong><\/p>\n<p>Aparte de lo establecido en esta pol\u00edtica, Zhengling no divulga ninguna de sus informaciones personales a terceros sin su permiso. Lea las siguientes secciones para obtener m\u00e1s informaci\u00f3n.<\/p>\n<p>\u00a0<\/p>\n<p><strong><b>OTRAS SITUACIONES.<\/b><\/strong><\/p>\n<p>Zhengling tambi\u00e9n puede divulgar su informaci\u00f3n cuando sea necesaria para identificar, contactar o entablar acciones legales contra alguien que pueda estar causando da\u00f1o o interferencia con nuestros derechos o derechos de propiedad, los derechos de los usuarios u otros derechos. De la misma manera, Zhengling divulgar\u00e1 informaci\u00f3n cuando creamos razonablemente que la divulgaci\u00f3n es requerida por ley o para cumplir con un proceso legal realizado en Zhengling o su sitio web. Podemos divulgar su informaci\u00f3n personal de buena fe creyendo que debemos actuar bajo circunstancias extremas para proteger la seguridad personal de los usuarios de Zhengling, su sitio web o el p\u00fablico.<\/p>\n<p><strong><b>\u00a0<\/b><\/strong><\/p>\n<p><strong><b>C\u00d3MO HACE <\/b><\/strong><strong><b>ZHENGLING<\/b><\/strong><strong><b>\u00a0\u00bfPROTEGE TU TARJETA DE CR\u00c9DITO E INFORMACI\u00d3N FINANCIERA?<\/b><\/strong><\/p>\n<p>Estamos comprometidos a proteger la privacidad de la informaci\u00f3n de su tarjeta de cr\u00e9dito y cuenta financiera. No vendemos, comercializamos ni alquilamos la informaci\u00f3n financiera o de su tarjeta de cr\u00e9dito. No ponemos esta informaci\u00f3n a disposici\u00f3n de nadie sin su permiso. Podemos proporcionar datos estad\u00edsticos sobre nuestros clientes a anunciantes, socios, proveedores y otros terceros acreditados. Estos datos se componen \u00fanicamente de datos agregados o an\u00f3nimos, que no contienen ninguna informaci\u00f3n de identificaci\u00f3n personal. Por ejemplo, no revelaremos que compr\u00f3 un producto espec\u00edfico, pero s\u00ed podemos revelar estad\u00edsticas sobre cu\u00e1ntos clientes han comprado un producto espec\u00edfico. Cuando ingresa informaci\u00f3n de tarjeta de cr\u00e9dito en nuestro sitio web, transmitimos la informaci\u00f3n en formato cifrado, utilizando cifrado de capa de socket segura (SSL) est\u00e1ndar de la industria.<\/p>\n<p>\u00a0<\/p>\n<p><strong><b>SUS DERECHOS RELACIONADOS CON SUS DATOS PERSONALES<\/b><\/strong><\/p>\n<p>Tiene derecho, seg\u00fan esta Pol\u00edtica de Privacidad y Cookies, y por ley si se encuentra dentro de la UE, a:<\/p>\n<p>\u00a0<\/p>\n<p><strong><b>-Solicite acceso a sus Datos Personales.<\/b><\/strong>\u00a0Si se encuentra dentro de la UE, esto le permite recibir una copia de los Datos personales que tenemos sobre usted y comprobar que los estamos procesando legalmente.<\/p>\n<p>-Solicite la correcci\u00f3n de los Datos personales que tenemos sobre usted. Esto le permite corregir cualquier informaci\u00f3n incompleta o inexacta que tengamos sobre usted.<\/p>\n<p><strong><b>-Solicite la supresi\u00f3n de sus Datos Personales. <\/b><\/strong>Esto le permite solicitarnos que eliminemos o eliminemos Datos personales cuando no hay una buena raz\u00f3n para continuar proces\u00e1ndolos. Tambi\u00e9n tiene derecho, si se encuentra dentro de la UE, a solicitarnos que eliminemos o eliminemos sus Datos personales cuando haya ejercido su derecho a oponerse al procesamiento (ver m\u00e1s abajo).<\/p>\n<p><strong><b>-Objeto al tratamiento de sus Datos Personales. <\/b><\/strong>Este derecho existe cuando confiamos en un inter\u00e9s leg\u00edtimo como base legal para nuestro procesamiento y hay algo en su situaci\u00f3n particular que le hace querer oponerse al procesamiento de sus Datos personales por este motivo. Tambi\u00e9n tiene derecho a oponerse cuando procesamos sus Datos personales con fines de marketing directo.<\/p>\n<p>-Solicite la restricci\u00f3n del procesamiento de sus Datos personales. Esto le permite solicitarnos que suspendamos el procesamiento de Datos personales sobre usted, por ejemplo si desea que establezcamos su exactitud o el motivo del procesamiento.<\/p>\n<p><strong><b>-Solicite la transferencia de sus Datos Personales.<\/b><\/strong>\u00a0Si se encuentra dentro de la UE, le proporcionaremos a usted o a un tercero que haya elegido sus Datos personales en un formato estructurado, de uso com\u00fan y legible por m\u00e1quina. Tenga en cuenta que este derecho solo se aplica a la informaci\u00f3n automatizada que inicialmente nos dio su consentimiento para usar o donde utilizamos la informaci\u00f3n para ejecutar un contrato con usted.<\/p>\n<p><strong><b>-Retirar el consentimiento.<\/b><\/strong>\u00a0Este derecho solo existe cuando confiamos en el consentimiento para procesar sus Datos personales (\u201cRetiro de consentimiento\u201d). Si retira su consentimiento, es posible que no podamos brindarle acceso a ciertas funcionalidades espec\u00edficas de nuestro Sitio. Le informaremos si este es el caso en el momento en que retire su consentimiento.<\/p>\n<p>\u00a0<\/p>\n<p><strong><b>QUEJAS<\/b><\/strong><\/p>\n<p>Si desea presentar una queja sobre esta Pol\u00edtica de Privacidad o nuestras pr\u00e1cticas en relaci\u00f3n con sus Datos Personales, cont\u00e1ctenos en: <a href=\"mailto:ericsu@zhenglingintl.com\">ericsu@zhenglingintl.com<\/a>.<\/p>\n<p>\u00a0<\/p>\n<p>Responderemos a su queja tan pronto como podamos.<\/p>\n<p>Si cree que su queja no se ha resuelto adecuadamente, tenga en cuenta que si se encuentra en la UE, el RGPD le otorga derecho a comunicarse con su autoridad supervisora local de protecci\u00f3n de datos.<\/p>\n<p>\u00a0<\/p>\n<p>Archivos de registro: su navegador informa autom\u00e1ticamente la informaci\u00f3n del archivo de registro cada vez que accede a una p\u00e1gina web. Cuando utiliza los Servicios, nuestros servidores registran autom\u00e1ticamente cierta informaci\u00f3n que env\u00eda su navegador web cada vez que visita cualquier sitio web. Estos registros del servidor pueden incluir informaci\u00f3n como su solicitud web, direcci\u00f3n de protocolo de Internet, tipo de navegador, p\u00e1ginas de referencia\/salida y URL, n\u00famero de clics, nombres de dominio, p\u00e1ginas de destino, p\u00e1ginas vistas y otra informaci\u00f3n similar.<\/p>\n<p>\u00a0<\/p>\n<p><strong><b>CU\u00c1NTO TIEMPO ALMACENAMOS TUS DATOS PERSONALES<\/b><\/strong><\/p>\n<p>Conservaremos su informaci\u00f3n mientras su cuenta est\u00e9 activa o sea razonablemente necesaria para los fines establecidos en C\u00f3mo utilizamos sus datos personales y por qu\u00e9, a menos que solicite que eliminemos sus datos personales como se describe en Sus derechos relacionados con su datos personales. S\u00f3lo conservaremos sus datos personales durante el tiempo que necesitemos razonablemente utilizarlos para estos fines, a menos que la ley exija un per\u00edodo de retenci\u00f3n m\u00e1s largo (por ejemplo, con fines regulatorios). Esto puede incluir conservar sus datos personales despu\u00e9s de que haya desactivado su cuenta durante el per\u00edodo de tiempo necesario para que podamos perseguir intereses comerciales leg\u00edtimos, realizar auditor\u00edas, cumplir (y demostrar el cumplimiento) de obligaciones legales, resolver disputas y hacer cumplir nuestros acuerdos.<\/p>\n<p>\u00a0<\/p>\n<p><strong><b>\u00bfQU\u00c9 SON LAS COOKIES Y C\u00d3MO LO HACEN\u00a0<\/b><\/strong><strong><b>ZHENGLING<\/b><\/strong><strong><b>\u00a0\u00bfUTILIZARLOS?<\/b><\/strong><\/p>\n<p>Partes de nuestro sistema de gesti\u00f3n del aprendizaje utilizan \u201ccookies\u201d para que pueda reconocer inmediatamente a un usuario y luego atribuir diferentes permisos asociados con la funcionalidad del sistema. Una \u201ccookie\u201d es un fragmento de datos que se env\u00eda a su navegador desde un servidor web y que su navegador almacena en el disco duro de su computadora. La configuraci\u00f3n de su navegador debe configurarse para aceptar cookies antes de poder iniciar sesi\u00f3n o personalizarlas. La mayor\u00eda de los navegadores est\u00e1n configurados para aceptar cookies, pero normalmente puede cambiar la configuraci\u00f3n de su navegador para rechazarlas. Zhengling no utiliza cookies para recuperar informaci\u00f3n personal sobre usted desde su computadora. Esta pol\u00edtica no cubre el uso de cookies por parte de ning\u00fan anunciante en nuestro sitio web. Zhengling utiliza cookies para:<\/p>\n<p>\u00a0<\/p>\n<p>Localice su nombre e informaci\u00f3n de cuenta cuando inicie sesi\u00f3n en su Centro de capacitaci\u00f3n Zhengling para que pueda acceder a la informaci\u00f3n de su cuenta. Cuando inicia sesi\u00f3n, se establece la cookie y cuando cierra sesi\u00f3n, se modifica la cookie.<\/p>\n<p>Estima el tama\u00f1o de nuestra audiencia. Cada navegador que visita nuestro sitio recibe una cookie \u00fanica, que luego se utiliza para determinar el alcance de las visitas repetidas y el n\u00famero de visitantes \u00fanicos.<\/p>\n<p>\u00a0<\/p>\n<p><strong><b>TU CONSENTIMIENTO<\/b><\/strong><\/p>\n<p>Al utilizar nuestro sitio web, usted acepta la recopilaci\u00f3n y el uso de esta informaci\u00f3n por parte de Zhengling. Si decidimos cambiar nuestra pol\u00edtica de privacidad, publicaremos esos cambios en esta p\u00e1gina para que siempre est\u00e9 al tanto de qu\u00e9 informaci\u00f3n recopilamos, c\u00f3mo la usamos y bajo qu\u00e9 circunstancias la divulgamos.<\/p>\n<p>\u00a0<\/p>\n<p><strong><b>POL\u00cdTICA DE ACEPTACI\u00d3N\/EXCLUSI\u00d3N VOLUNTARIA<\/b><\/strong><\/p>\n<p>Tras el registro o env\u00edo de informaci\u00f3n personal, Zhengling le ofrece la opci\u00f3n de recibir m\u00e1s comunicaciones de Zhengling. Si elige recibir estas comunicaciones, Zhengling ocasionalmente le enviar\u00e1 correos electr\u00f3nicos o correo postal sobre productos y servicios que consideremos que pueden ser de su inter\u00e9s. Para no recibir estas ofertas, simplemente siga las instrucciones de \u201ccancelar suscripci\u00f3n\u201d incluidas en cada correo electr\u00f3nico.<\/p>\n<p>Si prefiere dejar de recibir informaci\u00f3n de Zhengling v\u00eda correo electr\u00f3nico, puede optar por no recibir estas comunicaciones siguiendo las instrucciones incluidas en cada correo electr\u00f3nico. Si prefiere dejar de recibir informaci\u00f3n de piezas de veh\u00edculos Zhengling por correo postal, cont\u00e1ctenos en\u00a0<a href=\"mailto:ericsu@zhenglingintl.com\">ericsu@zhenglingintl.com<\/a>. Zhengling no vende, comercializa ni alquila su informaci\u00f3n personal a otros.<\/p>\n<p>\u00a0<\/p>\n<p><strong><b>CONTACTANDO CON EL SITIO WEB<\/b><\/strong><\/p>\n<p>Si tiene alguna pregunta sobre esta pol\u00edtica de privacidad, las pr\u00e1cticas de este sitio o sus relaciones con este sitio web, comun\u00edquese con:\u00a0<a href=\"mailto:ericsu@zhenglingintl.com\">ericsu@zhenglingintl.com<\/a>.<\/p>\t\t\t\t\t\t\t\t<\/div>\n\t\t\t\t\t<\/div>\n\t\t\t\t<\/div>\n\t\t\t\t<\/div>","protected":false},"excerpt":{"rendered":"<p>Home Dezhou Zhengling International Trade Co., Ltd., is committed to protecting your privacy and earning your trust. Zhengling\u00a0does not sell, trade, or rent your personal information to others. This policy discloses the privacy practices for the Zhengling\u00a0Web site. We use the information we collect about you from the Zhengling\u00a0Web site to process orders and maintain [&hellip;]<\/p>\n","protected":false},"author":1,"featured_media":0,"parent":0,"menu_order":0,"comment_status":"closed","ping_status":"open","template":"","meta":{"footnotes":""},"class_list":["post-3","page","type-page","status-publish","hentry"],"_links":{"self":[{"href":"https:\/\/zhenglinggolf.com\/es\/wp-json\/wp\/v2\/pages\/3","targetHints":{"allow":["GET"]}}],"collection":[{"href":"https:\/\/zhenglinggolf.com\/es\/wp-json\/wp\/v2\/pages"}],"about":[{"href":"https:\/\/zhenglinggolf.com\/es\/wp-json\/wp\/v2\/types\/page"}],"author":[{"embeddable":true,"href":"https:\/\/zhenglinggolf.com\/es\/wp-json\/wp\/v2\/users\/1"}],"replies":[{"embeddable":true,"href":"https:\/\/zhenglinggolf.com\/es\/wp-json\/wp\/v2\/comments?post=3"}],"version-history":[{"count":6,"href":"https:\/\/zhenglinggolf.com\/es\/wp-json\/wp\/v2\/pages\/3\/revisions"}],"predecessor-version":[{"id":805,"href":"https:\/\/zhenglinggolf.com\/es\/wp-json\/wp\/v2\/pages\/3\/revisions\/805"}],"wp:attachment":[{"href":"https:\/\/zhenglinggolf.com\/es\/wp-json\/wp\/v2\/media?parent=3"}],"curies":[{"name":"wp","href":"https:\/\/api.w.org\/{rel}","templated":true}]}}