{"id":466,"date":"2026-04-13T00:24:24","date_gmt":"2026-04-13T00:24:24","guid":{"rendered":"https:\/\/zhenglinggolf.com\/?page_id=466"},"modified":"2026-04-16T13:57:30","modified_gmt":"2026-04-16T13:57:30","slug":"refund-policy","status":"publish","type":"page","link":"https:\/\/zhenglinggolf.com\/es\/refund-policy\/","title":{"rendered":"Pol\u00edtica de reembolso"},"content":{"rendered":"<div data-elementor-type=\"wp-page\" data-elementor-id=\"466\" class=\"elementor elementor-466\" data-elementor-post-type=\"page\">\n\t\t\t\t\t\t<section class=\"elementor-section elementor-top-section elementor-element elementor-element-a49c75f elementor-reverse-mobile elementor-section-boxed elementor-section-height-default elementor-section-height-default\" data-id=\"a49c75f\" data-element_type=\"section\" data-e-type=\"section\" data-settings=\"{&quot;background_background&quot;:&quot;classic&quot;}\">\n\t\t\t\t\t\t\t<div class=\"elementor-background-overlay\"><\/div>\n\t\t\t\t\t\t\t<div class=\"elementor-container elementor-column-gap-default\">\n\t\t\t\t\t<div class=\"elementor-column elementor-col-50 elementor-top-column elementor-element elementor-element-c7be0e9 elementor-invisible\" data-id=\"c7be0e9\" data-element_type=\"column\" data-e-type=\"column\" data-settings=\"{&quot;background_background&quot;:&quot;classic&quot;,&quot;animation&quot;:&quot;slideInUp&quot;}\">\n\t\t\t<div class=\"elementor-widget-wrap elementor-element-populated\">\n\t\t\t\t\t\t<div class=\"elementor-element elementor-element-59612eb elementor-icon-list--layout-inline elementor-widget__width-auto elementor-mobile-align-start elementor-list-item-link-full_width elementor-widget elementor-widget-icon-list\" data-id=\"59612eb\" data-element_type=\"widget\" data-e-type=\"widget\" data-widget_type=\"icon-list.default\">\n\t\t\t\t\t\t\t<ul class=\"elementor-icon-list-items elementor-inline-items\">\n\t\t\t\t\t\t\t<li class=\"elementor-icon-list-item elementor-inline-item\">\n\t\t\t\t\t\t\t\t\t\t\t<a href=\"#\">\n\n\t\t\t\t\t\t\t\t\t\t\t<span class=\"elementor-icon-list-text\">Hogar<\/span>\n\t\t\t\t\t\t\t\t\t\t\t<\/a>\n\t\t\t\t\t\t\t\t\t<\/li>\n\t\t\t\t\t\t\t\t<li class=\"elementor-icon-list-item elementor-inline-item\">\n\t\t\t\t\t\t\t\t\t\t\t<a href=\"#\">\n\n\t\t\t\t\t\t\t\t\t\t\t\t<span class=\"elementor-icon-list-icon\">\n\t\t\t\t\t\t\t<svg aria-hidden=\"true\" class=\"e-font-icon-svg e-fas-angle-right\" viewbox=\"0 0 256 512\" xmlns=\"http:\/\/www.w3.org\/2000\/svg\"><path d=\"M224.3 273l-136 136c-9.4 9.4-24.6 9.4-33.9 0l-22.6-22.6c-9.4-9.4-9.4-24.6 0-33.9l96.4-96.4-96.4-96.4c-9.4-9.4-9.4-24.6 0-33.9L54.3 103c9.4-9.4 24.6-9.4 33.9 0l136 136c9.5 9.4 9.5 24.6.1 34z\"><\/path><\/svg>\t\t\t\t\t\t<\/span>\n\t\t\t\t\t\t\t\t\t\t<span class=\"elementor-icon-list-text\">Pol\u00edtica de reembolso<\/span>\n\t\t\t\t\t\t\t\t\t\t\t<\/a>\n\t\t\t\t\t\t\t\t\t<\/li>\n\t\t\t\t\t\t<\/ul>\n\t\t\t\t\t\t<\/div>\n\t\t\t\t\t<\/div>\n\t\t<\/div>\n\t\t\t\t<div class=\"elementor-column elementor-col-50 elementor-top-column elementor-element elementor-element-df44291\" data-id=\"df44291\" data-element_type=\"column\" data-e-type=\"column\">\n\t\t\t<div class=\"elementor-widget-wrap elementor-element-populated\">\n\t\t\t\t\t\t<section class=\"elementor-section elementor-inner-section elementor-element elementor-element-cf65196 elementor-section-boxed elementor-section-height-default elementor-section-height-default\" data-id=\"cf65196\" data-element_type=\"section\" data-e-type=\"section\">\n\t\t\t\t\t\t<div class=\"elementor-container elementor-column-gap-default\">\n\t\t\t\t\t<div class=\"elementor-column elementor-col-100 elementor-inner-column elementor-element elementor-element-48b4b38\" data-id=\"48b4b38\" data-element_type=\"column\" data-e-type=\"column\">\n\t\t\t<div class=\"elementor-widget-wrap elementor-element-populated\">\n\t\t\t\t\t\t<div class=\"elementor-element elementor-element-284e87a elementor-widget-tablet__width-initial elementor-invisible elementor-widget elementor-widget-heading\" data-id=\"284e87a\" data-element_type=\"widget\" data-e-type=\"widget\" data-settings=\"{&quot;_animation&quot;:&quot;fadeInRight&quot;}\" data-widget_type=\"heading.default\">\n\t\t\t\t\t<h2 class=\"elementor-heading-title elementor-size-default\">Pol\u00edtica de reembolso<\/h2>\t\t\t\t<\/div>\n\t\t\t\t\t<\/div>\n\t\t<\/div>\n\t\t\t\t\t<\/div>\n\t\t<\/section>\n\t\t\t\t\t<\/div>\n\t\t<\/div>\n\t\t\t\t\t<\/div>\n\t\t<\/section>\n\t\t<div class=\"elementor-element elementor-element-9ee2ffb e-flex e-con-boxed e-con e-parent\" data-id=\"9ee2ffb\" data-element_type=\"container\" data-e-type=\"container\">\n\t\t\t\t\t<div class=\"e-con-inner\">\n\t\t\t\t<div class=\"elementor-element elementor-element-f1096a7 elementor-widget elementor-widget-text-editor\" data-id=\"f1096a7\" data-element_type=\"widget\" data-e-type=\"widget\" data-widget_type=\"text-editor.default\">\n\t\t\t\t\t\t\t\t\t<p>En\u00a0<strong><b>Dezhou Zhengling International Trade Co., Ltd.<\/b><\/strong>\u00a0nos esforzamos por ofrecer productos y un excelente servicio al cliente. Entendemos que en ocasiones un producto puede no cumplir con sus expectativas. En tal caso, ofrecemos una pol\u00edtica de reembolso que le permite devolver el producto dentro de un per\u00edodo de tiempo determinado a partir de la fecha de compra.<\/p><p>\u00a0<\/p><p>\u00a0Tenga en cuenta que no podemos hacer promesas ni garant\u00edas sobre el resultado de ning\u00fan producto que ofrecemos. Nos esforzamos por ofrecer productos de alta calidad, pero el \u00e9xito de cualquier producto depende de varios factores que est\u00e1n fuera de nuestro control. Por lo tanto, no podemos ofrecer reembolsos basados en el resultado de ning\u00fan producto.<\/p><p>\u00a0<\/p><p><strong><b>Nuestra pol\u00edtica de reembolso es la siguiente: <\/b><\/strong><\/p><p>\u00a0<\/p><p>Si no est\u00e1 satisfecho con el producto, puede ser elegible para una devoluci\u00f3n. Para iniciar una devoluci\u00f3n, cont\u00e1ctenos en\u00a0<a href=\"mailto:ericsu@zhenglingintl.com\">ericsu@zhenglingintl.com<\/a>.<\/p><p>\u00a0<\/p><p>El producto debe estar en su embalaje original y en nuevas condiciones para poder ser devuelto. Los gastos de env\u00edo y manipulaci\u00f3n no son reembolsables.<\/p><p>\u00a0<\/p><p>Una vez que recibamos el producto, lo evaluaremos y determinaremos si es apropiado devolverlo. Tenga en cuenta que nos reservamos el derecho de rechazar una devoluci\u00f3n si el producto no cumple con nuestros criterios de pol\u00edtica de devoluci\u00f3n.<\/p><p>\u00a0<\/p><p>Si tiene alguna pregunta o inquietud sobre nuestra pol\u00edtica de reembolso, no dude en contactarnos en <a href=\"mailto:ericsu@zhenglingintl.com\">ericsu@zhenglingintl.com<\/a>.\u00a0<\/p>\t\t\t\t\t\t\t\t<\/div>\n\t\t\t\t\t<\/div>\n\t\t\t\t<\/div>\n\t\t\t\t<\/div>","protected":false},"excerpt":{"rendered":"<p>Home At\u00a0Dezhou Zhengling International Trade Co., Ltd.\u00a0we strive to provide products and excellent customer service. We understand that sometimes a product may not meet your expectations. In such an event, we offer a refund policy that allows you to return the product within a certain period of time from the date of purchase. \u00a0 \u00a0Please [&hellip;]<\/p>\n","protected":false},"author":1,"featured_media":0,"parent":0,"menu_order":0,"comment_status":"closed","ping_status":"closed","template":"","meta":{"footnotes":""},"class_list":["post-466","page","type-page","status-publish","hentry"],"_links":{"self":[{"href":"https:\/\/zhenglinggolf.com\/es\/wp-json\/wp\/v2\/pages\/466","targetHints":{"allow":["GET"]}}],"collection":[{"href":"https:\/\/zhenglinggolf.com\/es\/wp-json\/wp\/v2\/pages"}],"about":[{"href":"https:\/\/zhenglinggolf.com\/es\/wp-json\/wp\/v2\/types\/page"}],"author":[{"embeddable":true,"href":"https:\/\/zhenglinggolf.com\/es\/wp-json\/wp\/v2\/users\/1"}],"replies":[{"embeddable":true,"href":"https:\/\/zhenglinggolf.com\/es\/wp-json\/wp\/v2\/comments?post=466"}],"version-history":[{"count":7,"href":"https:\/\/zhenglinggolf.com\/es\/wp-json\/wp\/v2\/pages\/466\/revisions"}],"predecessor-version":[{"id":818,"href":"https:\/\/zhenglinggolf.com\/es\/wp-json\/wp\/v2\/pages\/466\/revisions\/818"}],"wp:attachment":[{"href":"https:\/\/zhenglinggolf.com\/es\/wp-json\/wp\/v2\/media?parent=466"}],"curies":[{"name":"wp","href":"https:\/\/api.w.org\/{rel}","templated":true}]}}