{"id":467,"date":"2026-04-13T00:24:35","date_gmt":"2026-04-13T00:24:35","guid":{"rendered":"https:\/\/zhenglinggolf.com\/?page_id=467"},"modified":"2026-04-16T13:57:23","modified_gmt":"2026-04-16T13:57:23","slug":"shipping-policy","status":"publish","type":"page","link":"https:\/\/zhenglinggolf.com\/es\/shipping-policy\/","title":{"rendered":"Pol\u00edtica de env\u00edo"},"content":{"rendered":"<div data-elementor-type=\"wp-page\" data-elementor-id=\"467\" class=\"elementor elementor-467\" data-elementor-post-type=\"page\">\n\t\t\t\t\t\t<section class=\"elementor-section elementor-top-section elementor-element elementor-element-9e66cef elementor-reverse-mobile elementor-section-boxed elementor-section-height-default elementor-section-height-default\" data-id=\"9e66cef\" data-element_type=\"section\" data-e-type=\"section\" data-settings=\"{&quot;background_background&quot;:&quot;classic&quot;}\">\n\t\t\t\t\t\t\t<div class=\"elementor-background-overlay\"><\/div>\n\t\t\t\t\t\t\t<div class=\"elementor-container elementor-column-gap-default\">\n\t\t\t\t\t<div class=\"elementor-column elementor-col-50 elementor-top-column elementor-element elementor-element-78c0b0e elementor-invisible\" data-id=\"78c0b0e\" data-element_type=\"column\" data-e-type=\"column\" data-settings=\"{&quot;background_background&quot;:&quot;classic&quot;,&quot;animation&quot;:&quot;slideInUp&quot;}\">\n\t\t\t<div class=\"elementor-widget-wrap elementor-element-populated\">\n\t\t\t\t\t\t<div class=\"elementor-element elementor-element-05f97fc elementor-icon-list--layout-inline elementor-widget__width-auto elementor-mobile-align-start elementor-list-item-link-full_width elementor-widget elementor-widget-icon-list\" data-id=\"05f97fc\" data-element_type=\"widget\" data-e-type=\"widget\" data-widget_type=\"icon-list.default\">\n\t\t\t\t\t\t\t<ul class=\"elementor-icon-list-items elementor-inline-items\">\n\t\t\t\t\t\t\t<li class=\"elementor-icon-list-item elementor-inline-item\">\n\t\t\t\t\t\t\t\t\t\t\t<a href=\"#\">\n\n\t\t\t\t\t\t\t\t\t\t\t<span class=\"elementor-icon-list-text\">Hogar<\/span>\n\t\t\t\t\t\t\t\t\t\t\t<\/a>\n\t\t\t\t\t\t\t\t\t<\/li>\n\t\t\t\t\t\t\t\t<li class=\"elementor-icon-list-item elementor-inline-item\">\n\t\t\t\t\t\t\t\t\t\t\t<a href=\"#\">\n\n\t\t\t\t\t\t\t\t\t\t\t\t<span class=\"elementor-icon-list-icon\">\n\t\t\t\t\t\t\t<svg aria-hidden=\"true\" class=\"e-font-icon-svg e-fas-angle-right\" viewbox=\"0 0 256 512\" xmlns=\"http:\/\/www.w3.org\/2000\/svg\"><path d=\"M224.3 273l-136 136c-9.4 9.4-24.6 9.4-33.9 0l-22.6-22.6c-9.4-9.4-9.4-24.6 0-33.9l96.4-96.4-96.4-96.4c-9.4-9.4-9.4-24.6 0-33.9L54.3 103c9.4-9.4 24.6-9.4 33.9 0l136 136c9.5 9.4 9.5 24.6.1 34z\"><\/path><\/svg>\t\t\t\t\t\t<\/span>\n\t\t\t\t\t\t\t\t\t\t<span class=\"elementor-icon-list-text\">Pol\u00edtica de env\u00edo<\/span>\n\t\t\t\t\t\t\t\t\t\t\t<\/a>\n\t\t\t\t\t\t\t\t\t<\/li>\n\t\t\t\t\t\t<\/ul>\n\t\t\t\t\t\t<\/div>\n\t\t\t\t\t<\/div>\n\t\t<\/div>\n\t\t\t\t<div class=\"elementor-column elementor-col-50 elementor-top-column elementor-element elementor-element-045b0f1\" data-id=\"045b0f1\" data-element_type=\"column\" data-e-type=\"column\">\n\t\t\t<div class=\"elementor-widget-wrap elementor-element-populated\">\n\t\t\t\t\t\t<section class=\"elementor-section elementor-inner-section elementor-element elementor-element-4a96bd7 elementor-section-boxed elementor-section-height-default elementor-section-height-default\" data-id=\"4a96bd7\" data-element_type=\"section\" data-e-type=\"section\">\n\t\t\t\t\t\t<div class=\"elementor-container elementor-column-gap-default\">\n\t\t\t\t\t<div class=\"elementor-column elementor-col-100 elementor-inner-column elementor-element elementor-element-f7ca689\" data-id=\"f7ca689\" data-element_type=\"column\" data-e-type=\"column\">\n\t\t\t<div class=\"elementor-widget-wrap elementor-element-populated\">\n\t\t\t\t\t\t<div class=\"elementor-element elementor-element-237108f elementor-widget-tablet__width-initial elementor-invisible elementor-widget elementor-widget-heading\" data-id=\"237108f\" data-element_type=\"widget\" data-e-type=\"widget\" data-settings=\"{&quot;_animation&quot;:&quot;fadeInRight&quot;}\" data-widget_type=\"heading.default\">\n\t\t\t\t\t<h2 class=\"elementor-heading-title elementor-size-default\">Pol\u00edtica de env\u00edo<\/h2>\t\t\t\t<\/div>\n\t\t\t\t\t<\/div>\n\t\t<\/div>\n\t\t\t\t\t<\/div>\n\t\t<\/section>\n\t\t\t\t\t<\/div>\n\t\t<\/div>\n\t\t\t\t\t<\/div>\n\t\t<\/section>\n\t\t<div class=\"elementor-element elementor-element-393eb37 e-flex e-con-boxed e-con e-parent\" data-id=\"393eb37\" data-element_type=\"container\" data-e-type=\"container\">\n\t\t\t\t\t<div class=\"e-con-inner\">\n\t\t\t\t<div class=\"elementor-element elementor-element-1779ff5 elementor-widget elementor-widget-text-editor\" data-id=\"1779ff5\" data-element_type=\"widget\" data-e-type=\"widget\" data-widget_type=\"text-editor.default\">\n\t\t\t\t\t\t\t\t\t<p>En\u00a0<strong><b>Dezhou Zhengling International Trade Co., Ltd.<\/b><\/strong>\u00a0nos esforzamos por brindar una entrega oportuna y eficiente de nuestros productos a nuestros clientes. Enviamos nuestros productos a clientes tanto a nivel nacional como internacional.<\/p><p>\u00a0<\/p><p><strong><b>Env\u00edo nacional: <\/b><\/strong><\/p><p>Enviamos nuestros productos dentro de China continental a trav\u00e9s de varios transportistas, seg\u00fan el producto y la ubicaci\u00f3n del cliente.<\/p><p>Los gastos de env\u00edo nacionales pueden variar seg\u00fan el peso y tama\u00f1o del producto, as\u00ed como el destino del env\u00edo.<\/p><p>El tiempo de entrega estimado para los env\u00edos nacionales suele ser de 3 a 7 d\u00edas h\u00e1biles, seg\u00fan el transportista y el destino del env\u00edo.<\/p><p>\u00a0<\/p><p><strong><b>Env\u00edo internacional: <\/b><\/strong><\/p><p>Enviamos nuestros productos a clientes internacionales a trav\u00e9s de varios transportistas, seg\u00fan el producto y la ubicaci\u00f3n del cliente.<\/p><p>Los gastos de env\u00edo internacional pueden variar seg\u00fan el peso y tama\u00f1o del producto, as\u00ed como el destino del env\u00edo.<\/p><p>El tiempo estimado de entrega de los env\u00edos internacionales var\u00eda seg\u00fan el transportista y el destino del env\u00edo. Los tiempos de entrega pueden verse afectados por la aduana y otros factores fuera de nuestro control. Tenga en cuenta que no somos responsables de los derechos, impuestos o tarifas aduaneros que pueda imponer el pa\u00eds de destino. El cliente es responsable de dichas tarifas.<\/p><p>\u00a0<\/p><p>Si tiene alguna pregunta o inquietud sobre el env\u00edo, no dude en contactarnos en\u00a0<a href=\"mailto:ericsu@zhenglingintl.com\">ericsu@zhenglingintl.com<\/a>.<\/p>\t\t\t\t\t\t\t\t<\/div>\n\t\t\t\t\t<\/div>\n\t\t\t\t<\/div>\n\t\t\t\t<\/div>","protected":false},"excerpt":{"rendered":"<p>Home At\u00a0Dezhou Zhengling International Trade Co., Ltd.\u00a0we strive to provide timely and efficient delivery of our products to our customers. We ship our products to customers both domestically and internationally. \u00a0 Domestic Shipping: We ship our products within mainland China via various shipping carriers, depending on the product and the location of the customer. Domestic [&hellip;]<\/p>\n","protected":false},"author":1,"featured_media":0,"parent":0,"menu_order":0,"comment_status":"closed","ping_status":"closed","template":"","meta":{"footnotes":""},"class_list":["post-467","page","type-page","status-publish","hentry"],"_links":{"self":[{"href":"https:\/\/zhenglinggolf.com\/es\/wp-json\/wp\/v2\/pages\/467","targetHints":{"allow":["GET"]}}],"collection":[{"href":"https:\/\/zhenglinggolf.com\/es\/wp-json\/wp\/v2\/pages"}],"about":[{"href":"https:\/\/zhenglinggolf.com\/es\/wp-json\/wp\/v2\/types\/page"}],"author":[{"embeddable":true,"href":"https:\/\/zhenglinggolf.com\/es\/wp-json\/wp\/v2\/users\/1"}],"replies":[{"embeddable":true,"href":"https:\/\/zhenglinggolf.com\/es\/wp-json\/wp\/v2\/comments?post=467"}],"version-history":[{"count":7,"href":"https:\/\/zhenglinggolf.com\/es\/wp-json\/wp\/v2\/pages\/467\/revisions"}],"predecessor-version":[{"id":815,"href":"https:\/\/zhenglinggolf.com\/es\/wp-json\/wp\/v2\/pages\/467\/revisions\/815"}],"wp:attachment":[{"href":"https:\/\/zhenglinggolf.com\/es\/wp-json\/wp\/v2\/media?parent=467"}],"curies":[{"name":"wp","href":"https:\/\/api.w.org\/{rel}","templated":true}]}}