{"id":132,"date":"2026-04-08T09:33:54","date_gmt":"2026-04-08T09:33:54","guid":{"rendered":"https:\/\/zhenglinggolf.com\/?post_type=product&#038;p=132"},"modified":"2026-04-08T12:37:31","modified_gmt":"2026-04-08T12:37:31","slug":"zl-a2-2-seater-golf-cart","status":"publish","type":"product","link":"https:\/\/zhenglinggolf.com\/es\/product\/zl-a2-2-seater-golf-cart\/","title":{"rendered":"Carro de golf ZL-A2 de 2 plazas"},"content":{"rendered":"<p>Este carrito de golf totalmente el\u00e9ctrico es un veh\u00edculo de pasajeros ecol\u00f3gico dise\u00f1ado espec\u00edficamente para campos de golf. Su excepcional versatilidad lo convierte en una soluci\u00f3n de transporte ideal para distancias cortas m\u00e1s all\u00e1 de lo ecol\u00f3gico, perfecto para complejos tur\u00edsticos de lujo, comunidades de villas, hoteles con jard\u00edn y lugares tur\u00edsticos pintorescos. Desde los desplazamientos al campus hasta el uso de propiedades privadas, ofrece una combinaci\u00f3n perfecta de portabilidad y comodidad.<\/p>\n<table style=\"border-collapse: collapse; width: 513.02pt;\" border=\"0\" width=\"684\" cellspacing=\"0\" cellpadding=\"0\">\n<tbody>\n<tr style=\"height: 23.00pt;\">\n<td class=\"et3\" style=\"height: 23.00pt; width: 513.50pt; border-right: .5pt solid #000000;\" colspan=\"2\" width=\"684\" height=\"30\">Carro de golf ZL-A2 de 2 plazas<\/td>\n<\/tr>\n<tr style=\"height: 21.00pt;\">\n<td class=\"et5\" style=\"height: 21.00pt;\" height=\"28\">Capacidad de asientos<\/td>\n<td class=\"et6\" style=\"width: 268.50pt;\" width=\"358\">2 Personas (Todas de frente)<\/td>\n<\/tr>\n<tr style=\"height: 23.00pt;\">\n<td class=\"et7\" style=\"height: 23.00pt;\" height=\"30\">Dimensiones generales<\/td>\n<td class=\"et8\">2350\u00d71200\u00d71980 mm<\/td>\n<\/tr>\n<tr style=\"height: 23.00pt;\">\n<td class=\"et5\" style=\"height: 23.00pt;\" height=\"30\">Campo de pr\u00e1cticas<\/td>\n<td class=\"et9\">80 -100 km<\/td>\n<\/tr>\n<tr style=\"height: 21.00pt;\">\n<td class=\"et7\" style=\"height: 21.00pt;\" height=\"28\">Velocidad m\u00e1xima<\/td>\n<td class=\"et8\">30 km\/h<\/td>\n<\/tr>\n<tr style=\"height: 14.00pt;\">\n<td class=\"et5\" style=\"height: 14.00pt;\" height=\"18\">Calificabilidad<\/td>\n<td class=\"et10\">25%<\/td>\n<\/tr>\n<tr style=\"height: 14.00pt;\">\n<td class=\"et7\" style=\"height: 14.00pt;\" height=\"18\">Potencia del motor<\/td>\n<td class=\"et8\">Motor as\u00edncrono de CA de 3,5 kW\/4 kW\/5 kW<\/td>\n<\/tr>\n<tr style=\"height: 14.00pt;\">\n<td class=\"et5\" style=\"height: 14.00pt;\" height=\"18\">Bater\u00eda<\/td>\n<td class=\"et9\">Bater\u00eda de 100 Ah sin mantenimiento (Litio Opcional)<\/td>\n<\/tr>\n<tr style=\"height: 14.00pt;\">\n<td class=\"et7\" style=\"height: 14.00pt;\" height=\"18\">Distancia de frenado<\/td>\n<td class=\"et8\">\u22644m<\/td>\n<\/tr>\n<tr style=\"height: 14.00pt;\">\n<td class=\"et5\" style=\"height: 14.00pt;\" height=\"18\">Material corporal<\/td>\n<td class=\"et9\">Estructura de acero + piezas de moldeo de pl\u00e1stico de ingenier\u00eda ABS<\/td>\n<\/tr>\n<\/tbody>\n<\/table>","protected":false},"excerpt":{"rendered":"<p>This all-electric golf cart is an eco-friendly passenger vehicle specifically engineered for golf courses. Its exceptional versatility makes it an ideal short-distance transport solution beyond the green\u2014perfect for luxury resorts, villa communities, garden hotels, and scenic tourist spots. From campus commuting to private estate use, it offers a seamless blend of portability and comfort. ZL-A2 [&hellip;]<\/p>\n","protected":false},"featured_media":150,"template":"","meta":[],"product_brand":[],"product_cat":[24],"product_tag":[],"class_list":{"0":"post-132","1":"product","2":"type-product","3":"status-publish","4":"has-post-thumbnail","6":"product_cat-a-type-golf-cart","8":"first","9":"instock","10":"shipping-taxable","11":"product-type-simple"},"_links":{"self":[{"href":"https:\/\/zhenglinggolf.com\/es\/wp-json\/wp\/v2\/product\/132","targetHints":{"allow":["GET"]}}],"collection":[{"href":"https:\/\/zhenglinggolf.com\/es\/wp-json\/wp\/v2\/product"}],"about":[{"href":"https:\/\/zhenglinggolf.com\/es\/wp-json\/wp\/v2\/types\/product"}],"wp:featuredmedia":[{"embeddable":true,"href":"https:\/\/zhenglinggolf.com\/es\/wp-json\/wp\/v2\/media\/150"}],"wp:attachment":[{"href":"https:\/\/zhenglinggolf.com\/es\/wp-json\/wp\/v2\/media?parent=132"}],"wp:term":[{"taxonomy":"product_brand","embeddable":true,"href":"https:\/\/zhenglinggolf.com\/es\/wp-json\/wp\/v2\/product_brand?post=132"},{"taxonomy":"product_cat","embeddable":true,"href":"https:\/\/zhenglinggolf.com\/es\/wp-json\/wp\/v2\/product_cat?post=132"},{"taxonomy":"product_tag","embeddable":true,"href":"https:\/\/zhenglinggolf.com\/es\/wp-json\/wp\/v2\/product_tag?post=132"}],"curies":[{"name":"wp","href":"https:\/\/api.w.org\/{rel}","templated":true}]}}