{"id":134,"date":"2026-04-08T09:39:48","date_gmt":"2026-04-08T09:39:48","guid":{"rendered":"https:\/\/zhenglinggolf.com\/?post_type=product&#038;p=134"},"modified":"2026-04-08T09:39:59","modified_gmt":"2026-04-08T09:39:59","slug":"zl-a22-4-seater-golf-cart","status":"publish","type":"product","link":"https:\/\/zhenglinggolf.com\/es\/product\/zl-a22-4-seater-golf-cart\/","title":{"rendered":"Carro de golf ZL-A2+2 de 4 plazas"},"content":{"rendered":"<p>Impulsados por tecnolog\u00eda de bater\u00eda avanzada, nuestros carritos de golf el\u00e9ctricos ofrecen un alcance extendido y un manejo estable. El dise\u00f1o ergon\u00f3mico prioriza la seguridad y la comodidad, con asientos espaciosos y una interfaz de control intuitiva. Construido con un chasis robusto, navega sin esfuerzo por terrenos variados como calles y caminos. Con almacenamiento flexible para bolsas de golf y art\u00edculos personales, maximiza la eficiencia en el campo y mejora la experiencia general de golf.<\/p>\n<table style=\"border-collapse: collapse; width: 513.02pt;\" border=\"0\" width=\"684\" cellspacing=\"0\" cellpadding=\"0\">\n<tbody>\n<tr style=\"height: 14.00pt;\">\n<td class=\"et3\" style=\"height: 14.00pt; width: 513.50pt; border-right: .5pt solid #000000;\" colspan=\"2\" width=\"684\" height=\"18\">Carro de golf ZL-A2+2 de 4 plazas<\/td>\n<\/tr>\n<tr style=\"height: 14.00pt;\">\n<td class=\"et5\" style=\"height: 14.00pt;\" height=\"18\">Capacidad de asientos<\/td>\n<td class=\"et6\" style=\"width: 268.50pt;\" width=\"358\">4 Personas (2 Delanteras + 2 Traseras)<\/td>\n<\/tr>\n<tr style=\"height: 14.00pt;\">\n<td class=\"et7\" style=\"height: 14.00pt;\" height=\"18\">Dimensiones generales<\/td>\n<td class=\"et8\">3100\u00d71200\u00d71980 mm<\/td>\n<\/tr>\n<tr style=\"height: 14.00pt;\">\n<td class=\"et5\" style=\"height: 14.00pt;\" height=\"18\">Campo de pr\u00e1cticas<\/td>\n<td class=\"et9\">80 -100 km<\/td>\n<\/tr>\n<tr style=\"height: 14.00pt;\">\n<td class=\"et7\" style=\"height: 14.00pt;\" height=\"18\">Velocidad m\u00e1xima<\/td>\n<td class=\"et8\">30 km\/h<\/td>\n<\/tr>\n<tr style=\"height: 14.00pt;\">\n<td class=\"et5\" style=\"height: 14.00pt;\" height=\"18\">Calificabilidad<\/td>\n<td class=\"et10\">25%<\/td>\n<\/tr>\n<tr style=\"height: 14.00pt;\">\n<td class=\"et7\" style=\"height: 14.00pt;\" height=\"18\">Potencia del motor<\/td>\n<td class=\"et8\">Motor as\u00edncrono de CA de 3,5 kW\/4 kW\/5 kW<\/td>\n<\/tr>\n<tr style=\"height: 14.00pt;\">\n<td class=\"et5\" style=\"height: 14.00pt;\" height=\"18\">Bater\u00eda<\/td>\n<td class=\"et9\">Bater\u00eda de 100 Ah sin mantenimiento (Litio Opcional)<\/td>\n<\/tr>\n<tr style=\"height: 14.00pt;\">\n<td class=\"et7\" style=\"height: 14.00pt;\" height=\"18\">Distancia de frenado<\/td>\n<td class=\"et8\">\u22644m<\/td>\n<\/tr>\n<tr style=\"height: 14.00pt;\">\n<td class=\"et5\" style=\"height: 14.00pt;\" height=\"18\">Material corporal<\/td>\n<td class=\"et9\">Estructura de acero + piezas de moldeo de pl\u00e1stico de ingenier\u00eda ABS<\/td>\n<\/tr>\n<\/tbody>\n<\/table>","protected":false},"excerpt":{"rendered":"<p>Powered by advanced battery technology, our electric golf carts deliver extended range and stable handling. The ergonomic design prioritizes safety and comfort, featuring spacious seating and an intuitive control interface. Built with a robust chassis, it effortlessly navigates varied terrains like fairways and paths. With flexible storage for golf bags and personal items, it maximizes [&hellip;]<\/p>\n","protected":false},"featured_media":135,"template":"","meta":[],"product_brand":[],"product_cat":[24],"product_tag":[],"class_list":{"0":"post-134","1":"product","2":"type-product","3":"status-publish","4":"has-post-thumbnail","6":"product_cat-a-type-golf-cart","8":"first","9":"instock","10":"shipping-taxable","11":"product-type-simple"},"_links":{"self":[{"href":"https:\/\/zhenglinggolf.com\/es\/wp-json\/wp\/v2\/product\/134","targetHints":{"allow":["GET"]}}],"collection":[{"href":"https:\/\/zhenglinggolf.com\/es\/wp-json\/wp\/v2\/product"}],"about":[{"href":"https:\/\/zhenglinggolf.com\/es\/wp-json\/wp\/v2\/types\/product"}],"wp:featuredmedia":[{"embeddable":true,"href":"https:\/\/zhenglinggolf.com\/es\/wp-json\/wp\/v2\/media\/135"}],"wp:attachment":[{"href":"https:\/\/zhenglinggolf.com\/es\/wp-json\/wp\/v2\/media?parent=134"}],"wp:term":[{"taxonomy":"product_brand","embeddable":true,"href":"https:\/\/zhenglinggolf.com\/es\/wp-json\/wp\/v2\/product_brand?post=134"},{"taxonomy":"product_cat","embeddable":true,"href":"https:\/\/zhenglinggolf.com\/es\/wp-json\/wp\/v2\/product_cat?post=134"},{"taxonomy":"product_tag","embeddable":true,"href":"https:\/\/zhenglinggolf.com\/es\/wp-json\/wp\/v2\/product_tag?post=134"}],"curies":[{"name":"wp","href":"https:\/\/api.w.org\/{rel}","templated":true}]}}