{"id":137,"date":"2026-04-08T09:43:21","date_gmt":"2026-04-08T09:43:21","guid":{"rendered":"https:\/\/zhenglinggolf.com\/?post_type=product&#038;p=137"},"modified":"2026-04-08T09:43:21","modified_gmt":"2026-04-08T09:43:21","slug":"zl-a4-4-seater-golf-cart","status":"publish","type":"product","link":"https:\/\/zhenglinggolf.com\/es\/product\/zl-a4-4-seater-golf-cart\/","title":{"rendered":"Carro de golf ZL-A4 de 4 plazas"},"content":{"rendered":"<p>Dise\u00f1ados para una movilidad baja en carbono, nuestros carritos de golf el\u00e9ctricos son la principal opci\u00f3n para complejos tur\u00edsticos de lujo, sectores tur\u00edsticos y comunidades residenciales de alto nivel. Atienden una amplia gama de entornos, desde hosteler\u00eda y educaci\u00f3n hasta fincas privadas. Como soluci\u00f3n ideal de transporte de corta distancia, ofrece una experiencia de conducci\u00f3n compacta pero c\u00f3moda que supera las expectativas.<\/p>\n<table style=\"border-collapse: collapse; width: 513.02pt;\" border=\"0\" width=\"684\" cellspacing=\"0\" cellpadding=\"0\">\n<tbody>\n<tr style=\"height: 14.00pt;\">\n<td class=\"et3\" style=\"height: 14.00pt; width: 513.50pt; border-right: .5pt solid #000000;\" colspan=\"2\" width=\"684\" height=\"18\">Carro de golf ZL-A4 de 4 plazas<\/td>\n<\/tr>\n<tr style=\"height: 14.00pt;\">\n<td class=\"et5\" style=\"height: 14.00pt;\" height=\"18\">Capacidad de asientos<\/td>\n<td class=\"et6\" style=\"width: 268.50pt;\" width=\"358\">4 Personas (Todas de frente)<\/td>\n<\/tr>\n<tr style=\"height: 14.00pt;\">\n<td class=\"et7\" style=\"height: 14.00pt;\" height=\"18\">Dimensiones generales<\/td>\n<td class=\"et8\">3100\u00d71200\u00d71980 mm<\/td>\n<\/tr>\n<tr style=\"height: 14.00pt;\">\n<td class=\"et5\" style=\"height: 14.00pt;\" height=\"18\">Campo de pr\u00e1cticas<\/td>\n<td class=\"et9\">80 -100 km<\/td>\n<\/tr>\n<tr style=\"height: 14.00pt;\">\n<td class=\"et7\" style=\"height: 14.00pt;\" height=\"18\">Velocidad m\u00e1xima<\/td>\n<td class=\"et8\">30 km\/h<\/td>\n<\/tr>\n<tr style=\"height: 14.00pt;\">\n<td class=\"et5\" style=\"height: 14.00pt;\" height=\"18\">Calificabilidad<\/td>\n<td class=\"et10\">25%<\/td>\n<\/tr>\n<tr style=\"height: 14.00pt;\">\n<td class=\"et7\" style=\"height: 14.00pt;\" height=\"18\">Potencia del motor<\/td>\n<td class=\"et8\">Motor as\u00edncrono de CA de 3,5 kW\/4 kW\/5 kW<\/td>\n<\/tr>\n<tr style=\"height: 14.00pt;\">\n<td class=\"et5\" style=\"height: 14.00pt;\" height=\"18\">Bater\u00eda<\/td>\n<td class=\"et9\">Bater\u00eda de 100 Ah sin mantenimiento (Litio Opcional)<\/td>\n<\/tr>\n<tr style=\"height: 14.00pt;\">\n<td class=\"et7\" style=\"height: 14.00pt;\" height=\"18\">Distancia de frenado<\/td>\n<td class=\"et8\">\u22644m<\/td>\n<\/tr>\n<tr style=\"height: 14.00pt;\">\n<td class=\"et5\" style=\"height: 14.00pt;\" height=\"18\">Material corporal<\/td>\n<td class=\"et9\">Estructura de acero + piezas de moldeo de pl\u00e1stico de ingenier\u00eda ABS<\/td>\n<\/tr>\n<\/tbody>\n<\/table>","protected":false},"excerpt":{"rendered":"<p>Designed for low-carbon mobility, our electric golf carts are the premier choice for upscale resorts, tourism sectors, and high-end residential communities. They serve a wide array of environments, from hospitality and education to private estates. As an ideal short-haul transport solution, it provides a compact yet comfortable driving experience that exceeds expectations. ZL-A4 4-Seater Golf [&hellip;]<\/p>\n","protected":false},"featured_media":138,"template":"","meta":[],"product_brand":[],"product_cat":[24],"product_tag":[],"class_list":{"0":"post-137","1":"product","2":"type-product","3":"status-publish","4":"has-post-thumbnail","6":"product_cat-a-type-golf-cart","8":"first","9":"instock","10":"shipping-taxable","11":"product-type-simple"},"_links":{"self":[{"href":"https:\/\/zhenglinggolf.com\/es\/wp-json\/wp\/v2\/product\/137","targetHints":{"allow":["GET"]}}],"collection":[{"href":"https:\/\/zhenglinggolf.com\/es\/wp-json\/wp\/v2\/product"}],"about":[{"href":"https:\/\/zhenglinggolf.com\/es\/wp-json\/wp\/v2\/types\/product"}],"wp:featuredmedia":[{"embeddable":true,"href":"https:\/\/zhenglinggolf.com\/es\/wp-json\/wp\/v2\/media\/138"}],"wp:attachment":[{"href":"https:\/\/zhenglinggolf.com\/es\/wp-json\/wp\/v2\/media?parent=137"}],"wp:term":[{"taxonomy":"product_brand","embeddable":true,"href":"https:\/\/zhenglinggolf.com\/es\/wp-json\/wp\/v2\/product_brand?post=137"},{"taxonomy":"product_cat","embeddable":true,"href":"https:\/\/zhenglinggolf.com\/es\/wp-json\/wp\/v2\/product_cat?post=137"},{"taxonomy":"product_tag","embeddable":true,"href":"https:\/\/zhenglinggolf.com\/es\/wp-json\/wp\/v2\/product_tag?post=137"}],"curies":[{"name":"wp","href":"https:\/\/api.w.org\/{rel}","templated":true}]}}