{"id":139,"date":"2026-04-08T09:45:29","date_gmt":"2026-04-08T09:45:29","guid":{"rendered":"https:\/\/zhenglinggolf.com\/?post_type=product&#038;p=139"},"modified":"2026-04-08T09:45:47","modified_gmt":"2026-04-08T09:45:47","slug":"zl-a42-6-seater-golf-cart","status":"publish","type":"product","link":"https:\/\/zhenglinggolf.com\/es\/product\/zl-a42-6-seater-golf-cart\/","title":{"rendered":"Carro de golf ZL-A4+2 de 6 plazas"},"content":{"rendered":"<p>Este carrito de golf el\u00e9ctrico de 6 plazas presenta una configuraci\u00f3n de asientos de tres filas, equilibrando perfectamente un espacio compacto con un amplio espacio para pasajeros. Su transmisi\u00f3n el\u00e9ctrica silenciosa preserva la atm\u00f3sfera tranquila del campo y al mismo tiempo combina perfectamente con el paisaje. Con un exterior elegante y contempor\u00e1neo y combinaciones de colores cl\u00e1sicos, atiende tanto a atletas profesionales como a entusiastas del ocio, brindando comodidad y alegr\u00eda a cada ronda.<\/p>\n<table style=\"border-collapse: collapse; width: 513.02pt;\" border=\"0\" width=\"684\" cellspacing=\"0\" cellpadding=\"0\">\n<tbody>\n<tr style=\"height: 14.00pt;\">\n<td class=\"et3\" style=\"height: 14.00pt; width: 513.50pt; border-right: .5pt solid #000000;\" colspan=\"2\" width=\"684\" height=\"18\">Carro de golf ZL-A4+2 de 6 plazas<\/td>\n<\/tr>\n<tr style=\"height: 14.00pt;\">\n<td class=\"et5\" style=\"height: 14.00pt;\" height=\"18\">Capacidad de asientos<\/td>\n<td class=\"et6\" style=\"width: 268.50pt;\" width=\"358\">6 Personas (4 Delanteras + 2 Traseras)<\/td>\n<\/tr>\n<tr style=\"height: 14.00pt;\">\n<td class=\"et7\" style=\"height: 14.00pt;\" height=\"18\">Dimensiones generales<\/td>\n<td class=\"et8\">3450\u00d71200\u00d71980 mm<\/td>\n<\/tr>\n<tr style=\"height: 14.00pt;\">\n<td class=\"et5\" style=\"height: 14.00pt;\" height=\"18\">Campo de pr\u00e1cticas<\/td>\n<td class=\"et9\">80 -100 km<\/td>\n<\/tr>\n<tr style=\"height: 14.00pt;\">\n<td class=\"et7\" style=\"height: 14.00pt;\" height=\"18\">Velocidad m\u00e1xima<\/td>\n<td class=\"et8\">30 km\/h<\/td>\n<\/tr>\n<tr style=\"height: 14.00pt;\">\n<td class=\"et5\" style=\"height: 14.00pt;\" height=\"18\">Calificabilidad<\/td>\n<td class=\"et10\">25%<\/td>\n<\/tr>\n<tr style=\"height: 14.00pt;\">\n<td class=\"et7\" style=\"height: 14.00pt;\" height=\"18\">Potencia del motor<\/td>\n<td class=\"et8\">Motor as\u00edncrono de CA de 3,5 kW\/4 kW\/5 kW<\/td>\n<\/tr>\n<tr style=\"height: 14.00pt;\">\n<td class=\"et5\" style=\"height: 14.00pt;\" height=\"18\">Bater\u00eda<\/td>\n<td class=\"et9\">Bater\u00eda de 100 Ah sin mantenimiento (Litio Opcional)<\/td>\n<\/tr>\n<tr style=\"height: 14.00pt;\">\n<td class=\"et7\" style=\"height: 14.00pt;\" height=\"18\">Distancia de frenado<\/td>\n<td class=\"et8\">\u22644m<\/td>\n<\/tr>\n<tr style=\"height: 14.00pt;\">\n<td class=\"et5\" style=\"height: 14.00pt;\" height=\"18\">Material corporal<\/td>\n<td class=\"et9\">Estructura de acero + piezas de moldeo de pl\u00e1stico de ingenier\u00eda ABS<\/td>\n<\/tr>\n<\/tbody>\n<\/table>","protected":false},"excerpt":{"rendered":"<p>This 6-seater electric golf cart features a three-row seating configuration, perfectly balancing a compact footprint with ample passenger space. Its whisper-quiet electric drivetrain preserves the tranquil atmosphere of the course while blending seamlessly with the landscape. With a sleek, contemporary exterior and classic color schemes, it caters to both professional athletes and leisure enthusiasts, bringing [&hellip;]<\/p>\n","protected":false},"featured_media":140,"template":"","meta":[],"product_brand":[],"product_cat":[24],"product_tag":[],"class_list":{"0":"post-139","1":"product","2":"type-product","3":"status-publish","4":"has-post-thumbnail","6":"product_cat-a-type-golf-cart","8":"first","9":"instock","10":"shipping-taxable","11":"product-type-simple"},"_links":{"self":[{"href":"https:\/\/zhenglinggolf.com\/es\/wp-json\/wp\/v2\/product\/139","targetHints":{"allow":["GET"]}}],"collection":[{"href":"https:\/\/zhenglinggolf.com\/es\/wp-json\/wp\/v2\/product"}],"about":[{"href":"https:\/\/zhenglinggolf.com\/es\/wp-json\/wp\/v2\/types\/product"}],"wp:featuredmedia":[{"embeddable":true,"href":"https:\/\/zhenglinggolf.com\/es\/wp-json\/wp\/v2\/media\/140"}],"wp:attachment":[{"href":"https:\/\/zhenglinggolf.com\/es\/wp-json\/wp\/v2\/media?parent=139"}],"wp:term":[{"taxonomy":"product_brand","embeddable":true,"href":"https:\/\/zhenglinggolf.com\/es\/wp-json\/wp\/v2\/product_brand?post=139"},{"taxonomy":"product_cat","embeddable":true,"href":"https:\/\/zhenglinggolf.com\/es\/wp-json\/wp\/v2\/product_cat?post=139"},{"taxonomy":"product_tag","embeddable":true,"href":"https:\/\/zhenglinggolf.com\/es\/wp-json\/wp\/v2\/product_tag?post=139"}],"curies":[{"name":"wp","href":"https:\/\/api.w.org\/{rel}","templated":true}]}}