{"id":454,"date":"2026-04-11T06:05:48","date_gmt":"2026-04-11T06:05:48","guid":{"rendered":"https:\/\/zhenglinggolf.com\/?post_type=product&#038;p=454"},"modified":"2026-04-11T06:05:48","modified_gmt":"2026-04-11T06:05:48","slug":"zl-h22-4-seater-golf-cart","status":"publish","type":"product","link":"https:\/\/zhenglinggolf.com\/es\/product\/zl-h22-4-seater-golf-cart\/","title":{"rendered":"Carro de golf ZL-H2+2 de 4 plazas"},"content":{"rendered":"<p>Impulsados por tecnolog\u00eda de bater\u00eda avanzada, nuestros carritos de golf el\u00e9ctricos ofrecen un alcance extendido y un manejo estable. El dise\u00f1o ergon\u00f3mico prioriza la seguridad y la comodidad, con asientos espaciosos y una interfaz de control intuitiva. Construido con un chasis robusto, navega sin esfuerzo por terrenos variados como calles y caminos. Con almacenamiento flexible para bolsas de golf y art\u00edculos personales, maximiza la eficiencia en el campo y mejora la experiencia general de golf.<\/p>\n<table style=\"border-collapse: collapse; width: 522.77pt;\" border=\"0\" width=\"697\" cellspacing=\"0\" cellpadding=\"0\">\n<tbody>\n<tr style=\"height: 14.00pt;\">\n<td class=\"et3\" style=\"height: 14.00pt; width: 523.25pt; border-right: .5pt solid #000000;\" colspan=\"2\" width=\"697\" height=\"18\">Carro de golf ZL-H2+2 de 4 plazas<\/td>\n<\/tr>\n<tr style=\"height: 14.00pt;\">\n<td class=\"et5\" style=\"height: 14.00pt;\" height=\"18\">Capacidad de asientos<\/td>\n<td class=\"et6\" style=\"width: 278.25pt;\" width=\"371\">4 Personas (2 Delanteras + 2 Traseras)<\/td>\n<\/tr>\n<tr style=\"height: 14.00pt;\">\n<td class=\"et7\" style=\"height: 14.00pt;\" height=\"18\">Dimensiones generales<\/td>\n<td class=\"et8\"><\/td>\n<\/tr>\n<tr style=\"height: 14.00pt;\">\n<td class=\"et5\" style=\"height: 14.00pt;\" height=\"18\">Campo de pr\u00e1cticas<\/td>\n<td class=\"et9\">80 -90 km<\/td>\n<\/tr>\n<tr style=\"height: 14.00pt;\">\n<td class=\"et7\" style=\"height: 14.00pt;\" height=\"18\">Velocidad m\u00e1xima<\/td>\n<td class=\"et10\">40 km\/h<\/td>\n<\/tr>\n<tr style=\"height: 14.00pt;\">\n<td class=\"et5\" style=\"height: 14.00pt;\" height=\"18\">Calificabilidad<\/td>\n<td class=\"et11\">25%<\/td>\n<\/tr>\n<tr style=\"height: 14.00pt;\">\n<td class=\"et7\" style=\"height: 14.00pt;\" height=\"18\">Potencia del motor<\/td>\n<td class=\"et10\">Motor as\u00edncrono de CA de 3,5 kW\/4 kW\/5 kW<\/td>\n<\/tr>\n<tr style=\"height: 14.00pt;\">\n<td class=\"et5\" style=\"height: 14.00pt;\" height=\"18\">Bater\u00eda<\/td>\n<td class=\"et9\">Bater\u00eda sin mantenimiento (Litio Opcional)<\/td>\n<\/tr>\n<tr style=\"height: 14.00pt;\">\n<td class=\"et7\" style=\"height: 14.00pt;\" height=\"18\">Distancia de frenado<\/td>\n<td class=\"et10\">\u22644m<\/td>\n<\/tr>\n<tr style=\"height: 14.00pt;\">\n<td class=\"et5\" style=\"height: 14.00pt;\" height=\"18\">Material corporal<\/td>\n<td class=\"et9\">Cuerpo delantero de pl\u00e1stico duro PP + Cuerpo trasero de pl\u00e1stico duro PP<\/td>\n<\/tr>\n<\/tbody>\n<\/table>","protected":false},"excerpt":{"rendered":"<p>Powered by advanced battery technology, our electric golf carts deliver extended range and stable handling. The ergonomic design prioritizes safety and comfort, featuring spacious seating and an intuitive control interface. Built with a robust chassis, it effortlessly navigates varied terrains like fairways and paths. With flexible storage for golf bags and personal items, it maximizes [&hellip;]<\/p>\n","protected":false},"featured_media":455,"template":"","meta":[],"product_brand":[],"product_cat":[31],"product_tag":[],"class_list":{"0":"post-454","1":"product","2":"type-product","3":"status-publish","4":"has-post-thumbnail","6":"product_cat-h-type-golf-cart","8":"first","9":"instock","10":"shipping-taxable","11":"product-type-simple"},"_links":{"self":[{"href":"https:\/\/zhenglinggolf.com\/es\/wp-json\/wp\/v2\/product\/454","targetHints":{"allow":["GET"]}}],"collection":[{"href":"https:\/\/zhenglinggolf.com\/es\/wp-json\/wp\/v2\/product"}],"about":[{"href":"https:\/\/zhenglinggolf.com\/es\/wp-json\/wp\/v2\/types\/product"}],"wp:featuredmedia":[{"embeddable":true,"href":"https:\/\/zhenglinggolf.com\/es\/wp-json\/wp\/v2\/media\/455"}],"wp:attachment":[{"href":"https:\/\/zhenglinggolf.com\/es\/wp-json\/wp\/v2\/media?parent=454"}],"wp:term":[{"taxonomy":"product_brand","embeddable":true,"href":"https:\/\/zhenglinggolf.com\/es\/wp-json\/wp\/v2\/product_brand?post=454"},{"taxonomy":"product_cat","embeddable":true,"href":"https:\/\/zhenglinggolf.com\/es\/wp-json\/wp\/v2\/product_cat?post=454"},{"taxonomy":"product_tag","embeddable":true,"href":"https:\/\/zhenglinggolf.com\/es\/wp-json\/wp\/v2\/product_tag?post=454"}],"curies":[{"name":"wp","href":"https:\/\/api.w.org\/{rel}","templated":true}]}}